{"id":499,"date":"2021-12-07T16:11:28","date_gmt":"2021-12-07T16:11:28","guid":{"rendered":"https:\/\/www.hippyus.org\/acerca-de-nosotros\/"},"modified":"2022-04-25T21:19:36","modified_gmt":"2022-04-25T21:19:36","slug":"acerca-de-nosotros","status":"publish","type":"page","link":"https:\/\/www.hippyus.org\/es\/acerca-de-nosotros\/","title":{"rendered":"Acerca de Nosotros"},"content":{"rendered":"<p>[et_pb_section fb_built=\u00bb1&#8243; admin_label=\u00bbFeature\u00bb _builder_version=\u00bb4.14.2&#8243; _module_preset=\u00bbdefault\u00bb background_color=\u00bbgcid-dcfab7f7-1327-4e35-95c1-a41d3a862142&#8243; background_image=\u00bbhttps:\/\/www.hippyus.org\/wp-content\/uploads\/2021\/11\/high-school_22.png\u00bb background_size=\u00bbinitial\u00bb background_position=\u00bbtop_left\u00bb background_repeat=\u00bbrepeat-x\u00bb custom_padding=\u00bb130px||1vw||false|false\u00bb hover_enabled=\u00bb0&#8243; global_colors_info=\u00bb{%22gcid-dcfab7f7-1327-4e35-95c1-a41d3a862142%22:%91%22background_color%22%93}\u00bb sticky_enabled=\u00bb0&#8243;][et_pb_row column_structure=\u00bb1_2,1_2&#8243; make_equal=\u00bbon\u00bb _builder_version=\u00bb4.14.2&#8243; _module_preset=\u00bbdefault\u00bb custom_css_main_element=\u00bbalign-items: center;\u00bb global_colors_info=\u00bb{}\u00bb][et_pb_column type=\u00bb1_2&#8243; _builder_version=\u00bb4.14.2&#8243; _module_preset=\u00bbdefault\u00bb custom_padding_tablet=\u00bb60px||||false|false\u00bb custom_padding_phone=\u00bb30px||30px||true|false\u00bb custom_padding_last_edited=\u00bbon|phone\u00bb global_colors_info=\u00bb{}\u00bb][et_pb_text _builder_version=\u00bb4.14.2&#8243; _module_preset=\u00bbdefault\u00bb text_font=\u00bb|600|||||||\u00bb text_text_color=\u00bb#FFFFFF\u00bb ul_font=\u00bb|600|||||||\u00bb ul_line_height=\u00bb1.8em\u00bb ol_font=\u00bb|600|||||||\u00bb header_font=\u00bb|||on|||||\u00bb header_text_color=\u00bb#FFFFFF\u00bb header_font_size=\u00bb36px\u00bb header_2_font=\u00bb|300|||||||\u00bb header_2_text_color=\u00bb#FFFFFF\u00bb global_colors_info=\u00bb{}\u00bb]<\/p>\n<h1>Nuestra misi\u00f3n<\/h1>\n<p>La misi\u00f3n de HIPPY es ayudar a los padres a preparar a sus hijos para el \u00e9xito en la escuela y m\u00e1s all\u00e1. El modelo apoya a padres como los primeros maestros de sus hijos al proveerles las herramientas, habilidades y confianza para ense\u00f1arle a sus hijos peque\u00f1os desde el hogar.[\/et_pb_text][\/et_pb_column][et_pb_column type=\u00bb1_2&#8243; _builder_version=\u00bb4.10.6&#8243; _module_preset=\u00bbdefault\u00bb global_colors_info=\u00bb{}\u00bb][et_pb_image src=\u00bbhttps:\/\/www.hippyus.org\/wp-content\/uploads\/2021\/12\/about-us.jpg\u00bb title_text=\u00bbAcerca de Nosotros\u00bb _builder_version=\u00bb4.14.2&#8243; _module_preset=\u00bbdefault\u00bb custom_margin=\u00bb|-10vw|||false|false\u00bb custom_margin_tablet=\u00bb|0%|||false|false\u00bb custom_margin_phone=\u00bb\u00bb custom_margin_last_edited=\u00bbon|tablet\u00bb border_width_all=\u00bb8px\u00bb border_color_all=\u00bb#FFFFFF\u00bb locked=\u00bboff\u00bb global_colors_info=\u00bb{}\u00bb][\/et_pb_image][\/et_pb_column][\/et_pb_row][\/et_pb_section][et_pb_section fb_built=\u00bb1&#8243; custom_padding_last_edited=\u00bboff|desktop\u00bb admin_label=\u00bbBlog\u00bb _builder_version=\u00bb4.14.2&#8243; _module_preset=\u00bbdefault\u00bb background_enable_image=\u00bboff\u00bb background_size=\u00bbinitial\u00bb background_position=\u00bbtop_left\u00bb background_repeat=\u00bbrepeat-x\u00bb custom_padding=\u00bb||120px||false|false\u00bb custom_padding_tablet=\u00bb||100px||false|false\u00bb custom_padding_phone=\u00bb||60px||false|false\u00bb global_colors_info=\u00bb{}\u00bb][et_pb_row _builder_version=\u00bb4.13.1&#8243; _module_preset=\u00bbdefault\u00bb global_colors_info=\u00bb{}\u00bb][et_pb_column type=\u00bb4_4&#8243; _builder_version=\u00bb4.10.6&#8243; _module_preset=\u00bbdefault\u00bb global_colors_info=\u00bb{}\u00bb][et_pb_text _builder_version=\u00bb4.14.2&#8243; _module_preset=\u00bb003e9429-8e11-4d9e-968b-8881092bbf81&#8243; text_font=\u00bb||||||||\u00bb text_text_color=\u00bb#000000&#8243; ul_font=\u00bb|600|||||||\u00bb ul_line_height=\u00bb1.8em\u00bb ol_font=\u00bb|600|||||||\u00bb header_font=\u00bb|||on|||||\u00bb header_text_color=\u00bb#000000&#8243; header_font_size=\u00bb36px\u00bb header_2_font=\u00bb||||||||\u00bb header_2_text_color=\u00bbgcid-10430e02-94e6-4cc6-8715-d05b6140b8fe\u00bb locked=\u00bboff\u00bb global_colors_info=\u00bb{%22gcid-10430e02-94e6-4cc6-8715-d05b6140b8fe%22:%91%22header_2_text_color%22%93}\u00bb]<\/p>\n<h2>Lo que creemos<\/h2>\n<p>Creemos que los padres son los primeros maestros de los ni\u00f1os y que todo ni\u00f1o debe entrar al k\u00ednder preparado para la escuela y listo para aprender. A trav\u00e9s de impartir el plan de estudio de HIPPY, los visitadores del hogar empoderan a padres a construir relaciones fuertes con sus hijos, por actividades e interacciones que los prepara para la escuela. Cada padre quiere que su hijo tenga \u00e9xito en la escuela y en la vida, HIPPY inspira y promueve interacciones que llevan al \u00e9xito.<\/p>\n<p>&nbsp;<\/p>\n<h2>Lo que ense\u00f1amos<\/h2>\n<p>HIPPY es un plan de estudio educativo de alfabetismo temprano, apropiado al desarrollo que est\u00e1 dise\u00f1ado para promover el desarrollo cognitivo, social, emocional y f\u00edsico de los ni\u00f1os. El plan de estudio consiste en paquetes de actividades educativas, f\u00e1ciles de usar y libros de cuentos desarrollados para padres de hijos de 2-5 a\u00f1os. Los padres interact\u00faan con el plan de estudio realizando un juego de roles (role play) de las actividades de padre-hijo con un visitador del hogar quien es de la misma comunidad y quienes a menudo han padres HIPPY anteriormente. Todos los visitadores del hogar son supervisados por un coordinador del programa profesional y capacitado.<\/p>\n<p>&nbsp;<\/p>\n<h2>Nuestra Historia<\/h2>\n<p>HIPPY inici\u00f3 en Israel en los 1960s como un proyecto de investigaci\u00f3n de la Universidad Hebrea, financiada por la Ford Foundation. Durante los \u00faltimos 50 a\u00f1os, conforme el programa se ha extendido a 15 pa\u00edses, sus ra\u00edces acad\u00e9micas se han mantenido fuertes. Una gran variedad de estudios usando diversas metodolog\u00edas diferentes han sido conducidos mundialmente. Estos muestran que los ni\u00f1os est\u00e1n mejor preparados para la escuela, los padres se sienten m\u00e1s confiados en su habilidad de ense\u00f1arles a sus hijos, los padres est\u00e1n m\u00e1s involucrados en las experiencias escolares que sus hijos est\u00e1n cursando y los visitadores del hogar est\u00e1n motivados a seguir el desarrollo de su carrera profesional.<\/p>\n<p>[\/et_pb_text][et_pb_button button_url=\u00bb@ET-DC@eyJkeW5hbWljIjp0cnVlLCJjb250ZW50IjoicG9zdF9saW5rX3VybF9wYWdlIiwic2V0dGluZ3MiOnsicG9zdF9pZCI6IjEyNSJ9fQ==@\u00bb button_text=\u00bbModelo\u00bb button_alignment=\u00bbright\u00bb disabled_on=\u00bboff|off|off\u00bb _builder_version=\u00bb4.14.2&#8243; _dynamic_attributes=\u00bbbutton_url\u00bb _module_preset=\u00bbcefaa07f-9636-40fe-a939-2a0ccdc332c6&#8243; custom_button=\u00bbon\u00bb button_text_size=\u00bb16px\u00bb button_text_color=\u00bb#FFFFFF\u00bb button_bg_color=\u00bb#000000&#8243; button_border_width=\u00bb0px\u00bb button_border_radius=\u00bb20px\u00bb button_font=\u00bbRoboto|700|||||||\u00bb custom_padding=\u00bb15px|30px|15px|30px|true|true\u00bb global_colors_info=\u00bb{}\u00bb][\/et_pb_button][\/et_pb_column][\/et_pb_row][\/et_pb_section]<\/p>\n","protected":false},"excerpt":{"rendered":"<p>Nuestra misi\u00f3n La misi\u00f3n de HIPPY es ayudar a los padres a preparar a sus hijos para el \u00e9xito en la escuela y m\u00e1s all\u00e1. El modelo apoya a padres como los primeros maestros de sus hijos al proveerles las herramientas, habilidades y confianza para ense\u00f1arle a sus hijos peque\u00f1os desde el hogar.Lo que creemos [&hellip;]<\/p>\n","protected":false},"author":1,"featured_media":0,"parent":0,"menu_order":0,"comment_status":"closed","ping_status":"closed","template":"","meta":{"_et_pb_use_builder":"on","_et_pb_old_content":"","_et_gb_content_width":"","inline_featured_image":false,"footnotes":""},"class_list":["post-499","page","type-page","status-publish","hentry"],"_links":{"self":[{"href":"https:\/\/www.hippyus.org\/es\/wp-json\/wp\/v2\/pages\/499","targetHints":{"allow":["GET"]}}],"collection":[{"href":"https:\/\/www.hippyus.org\/es\/wp-json\/wp\/v2\/pages"}],"about":[{"href":"https:\/\/www.hippyus.org\/es\/wp-json\/wp\/v2\/types\/page"}],"author":[{"embeddable":true,"href":"https:\/\/www.hippyus.org\/es\/wp-json\/wp\/v2\/users\/1"}],"replies":[{"embeddable":true,"href":"https:\/\/www.hippyus.org\/es\/wp-json\/wp\/v2\/comments?post=499"}],"version-history":[{"count":2,"href":"https:\/\/www.hippyus.org\/es\/wp-json\/wp\/v2\/pages\/499\/revisions"}],"predecessor-version":[{"id":501,"href":"https:\/\/www.hippyus.org\/es\/wp-json\/wp\/v2\/pages\/499\/revisions\/501"}],"wp:attachment":[{"href":"https:\/\/www.hippyus.org\/es\/wp-json\/wp\/v2\/media?parent=499"}],"curies":[{"name":"wp","href":"https:\/\/api.w.org\/{rel}","templated":true}]}}