{"id":502,"date":"2021-12-07T16:30:41","date_gmt":"2021-12-07T16:30:41","guid":{"rendered":"https:\/\/www.hippyus.org\/modelo\/"},"modified":"2022-04-25T21:30:48","modified_gmt":"2022-04-25T21:30:48","slug":"modelo","status":"publish","type":"page","link":"https:\/\/www.hippyus.org\/es\/modelo\/","title":{"rendered":"Modelo"},"content":{"rendered":"<p>[et_pb_section fb_built=\u00bb1&#8243; admin_label=\u00bbFeature\u00bb _builder_version=\u00bb4.14.2&#8243; _module_preset=\u00bbdefault\u00bb background_color=\u00bbgcid-dcfab7f7-1327-4e35-95c1-a41d3a862142&#8243; background_image=\u00bbhttps:\/\/www.hippyus.org\/wp-content\/uploads\/2021\/11\/high-school_22.png\u00bb background_size=\u00bbinitial\u00bb background_position=\u00bbtop_left\u00bb background_repeat=\u00bbrepeat-x\u00bb custom_padding=\u00bb130px||1vw||false|false\u00bb hover_enabled=\u00bb0&#8243; global_colors_info=\u00bb{%22gcid-dcfab7f7-1327-4e35-95c1-a41d3a862142%22:%91%22background_color%22,%22background_color%22%93}\u00bb sticky_enabled=\u00bb0&#8243;][et_pb_row column_structure=\u00bb1_2,1_2&#8243; make_equal=\u00bbon\u00bb _builder_version=\u00bb4.14.2&#8243; _module_preset=\u00bbdefault\u00bb custom_css_main_element=\u00bbalign-items: center;\u00bb global_colors_info=\u00bb{}\u00bb][et_pb_column type=\u00bb1_2&#8243; _builder_version=\u00bb4.14.2&#8243; _module_preset=\u00bbdefault\u00bb custom_padding_tablet=\u00bb60px||||false|false\u00bb custom_padding_phone=\u00bb30px||30px||true|false\u00bb custom_padding_last_edited=\u00bbon|phone\u00bb global_colors_info=\u00bb{}\u00bb][et_pb_text _builder_version=\u00bb4.14.2&#8243; _module_preset=\u00bbdefault\u00bb text_font=\u00bb|600|||||||\u00bb text_text_color=\u00bb#FFFFFF\u00bb ul_font=\u00bb|600|||||||\u00bb ul_line_height=\u00bb1.8em\u00bb ol_font=\u00bb|600|||||||\u00bb header_font=\u00bb|||on|||||\u00bb header_text_color=\u00bb#FFFFFF\u00bb header_font_size=\u00bb36px\u00bb header_2_font=\u00bb|300|||||||\u00bb header_2_text_color=\u00bb#FFFFFF\u00bb global_colors_info=\u00bb{}\u00bb]<\/p>\n<h1>Modelo<\/h1>\n<p><span style=\"font-weight: 400;\">Todos los programas de HIPPY alrededor del mundo siguen el modelo HIPPY: un curr\u00edculo o plan de estudio apropiado al desarrollo, con el juego de roles o role play como un m\u00e9todo de ense\u00f1anza, trabajado por visitadores del hogar de la comunidad, supervisado por un coordinador profesional con visitas al hogar intercaladas con reuniones grupales como m\u00e9todo de presentaci\u00f3n. El modelo HIPPY tiene cuatro elementos. El modelo HIPPY tiene cuatro componentes:<\/span><\/p>\n<ul>\n<li style=\"font-weight: 400;\" aria-level=\"1\"><span style=\"font-weight: 400;\">El Curr\u00edculo o Plan de Estudio<\/span><\/li>\n<li style=\"font-weight: 400;\" aria-level=\"1\"><span style=\"font-weight: 400;\">Juego de Roles o Role Play<\/span><\/li>\n<li style=\"font-weight: 400;\" aria-level=\"1\"><span style=\"font-weight: 400;\">Coordinadores y Visitadores del Hogar<\/span><\/li>\n<li style=\"font-weight: 400;\" aria-level=\"1\"><span style=\"font-weight: 400;\">Visitas al Hogar y Reuniones Grupales<\/span><\/li>\n<\/ul>\n<p><span style=\"font-weight: 400;\">Cada uno de los cuatro componentes del modelo HIPPY fue elegido y desarrollado para permitir la participaci\u00f3n de padres que de otra manera no se involucrar\u00edan en la educaci\u00f3n de sus hijos. Aunque HIPPY es para cualquier padre que desea el enriquecimiento educativo para su hijo, el modelo HIPPY fue dise\u00f1ado para remover las barreras para participaci\u00f3n debido a la falta de educaci\u00f3n, pobreza, aislamiento social y otros asuntos.<\/span><\/p>\n<p>[\/et_pb_text][\/et_pb_column][et_pb_column type=\u00bb1_2&#8243; _builder_version=\u00bb4.10.6&#8243; _module_preset=\u00bbdefault\u00bb global_colors_info=\u00bb{}\u00bb][et_pb_image src=\u00bbhttps:\/\/www.hippyus.org\/wp-content\/uploads\/2021\/12\/Our-Model.jpg\u00bb title_text=\u00bbModelo\u00bb _builder_version=\u00bb4.14.2&#8243; _module_preset=\u00bbdefault\u00bb custom_margin=\u00bb|-10vw|||false|false\u00bb custom_margin_tablet=\u00bb|0%|||false|false\u00bb custom_margin_phone=\u00bb\u00bb custom_margin_last_edited=\u00bbon|tablet\u00bb border_width_all=\u00bb8px\u00bb border_color_all=\u00bb#FFFFFF\u00bb locked=\u00bboff\u00bb global_colors_info=\u00bb{}\u00bb][\/et_pb_image][\/et_pb_column][\/et_pb_row][\/et_pb_section][et_pb_section fb_built=\u00bb1&#8243; custom_padding_last_edited=\u00bboff|desktop\u00bb admin_label=\u00bbBlog\u00bb _builder_version=\u00bb4.14.2&#8243; _module_preset=\u00bbdefault\u00bb background_size=\u00bbinitial\u00bb background_position=\u00bbtop_left\u00bb background_repeat=\u00bbrepeat-x\u00bb custom_padding=\u00bb||120px||false|false\u00bb custom_padding_tablet=\u00bb||100px||false|false\u00bb custom_padding_phone=\u00bb||60px||false|false\u00bb hover_enabled=\u00bb0&#8243; global_colors_info=\u00bb{}\u00bb background_enable_image=\u00bboff\u00bb sticky_enabled=\u00bb0&#8243;][et_pb_row _builder_version=\u00bb4.13.1&#8243; _module_preset=\u00bbdefault\u00bb global_colors_info=\u00bb{}\u00bb][et_pb_column type=\u00bb4_4&#8243; _builder_version=\u00bb4.10.6&#8243; _module_preset=\u00bbdefault\u00bb global_colors_info=\u00bb{}\u00bb][et_pb_text _builder_version=\u00bb4.14.2&#8243; _module_preset=\u00bb003e9429-8e11-4d9e-968b-8881092bbf81&#8243; text_font=\u00bb||||||||\u00bb text_text_color=\u00bb#000000&#8243; ul_font=\u00bb|600|||||||\u00bb ul_line_height=\u00bb1.8em\u00bb ol_font=\u00bb|600|||||||\u00bb header_font=\u00bb|||on|||||\u00bb header_text_color=\u00bb#000000&#8243; header_font_size=\u00bb36px\u00bb header_2_font=\u00bb||||||||\u00bb header_2_text_color=\u00bbgcid-10430e02-94e6-4cc6-8715-d05b6140b8fe\u00bb locked=\u00bboff\u00bb global_colors_info=\u00bb{%22gcid-10430e02-94e6-4cc6-8715-d05b6140b8fe%22:%91%22header_2_text_color%22%93}\u00bb]<\/p>\n<h2>Plan de estudio<\/h2>\n<p>El plan de estudio HIPPY est\u00e1 escrito para los padres para que puedan tener confianza en su rol como el primer y m\u00e1s importante maestro de su hijo. El plan de estudio proporciona instrucciones detalladas para que los padres puedan introducir conceptos y habilidades nuevas a su hijo, pasos a seguir al presentar la actividad, preguntas para hacer y consejos para alargar y adaptar la actividad para los intereses espec\u00edficos de su hijo. Los padres reciben apoyo semanal de su visitador del hogar, lo cual les permite participar en las actividades de padre e hijo con confianza.<\/p>\n<p>Las actividades est\u00e1n dise\u00f1adas alrededor de las materias centrales del aprendizaje de la alfabetizaci\u00f3n y el lenguaje, matem\u00e1ticas y ciencia, desarrollo motriz y crecimiento socio- emocional. El plan de estudio HIPPY est\u00e1 disponible para padres con hijos entre las edades de 2 a 5 a\u00f1os. Cada a\u00f1o incluye 30 semanas de paquetes de actividad y los libros de cuentos acompa\u00f1antes. El plan de estudio entero est\u00e1 disponible en ingl\u00e9s y espa\u00f1ol tanto en formato impreso como en forma digital.<\/p>\n<p>HIPPY no es un plan de estudio de maestr\u00eda, m\u00e1s bien es un plan de estudio de exposici\u00f3n a habilidades, conceptos y experiencias con libros que juntos construyen una \u201cpreparaci\u00f3n escolar\u201d para ni\u00f1os peque\u00f1os. Las habilidades y los conceptos se desarrollan a trav\u00e9s de una variedad de actividades que incluyen leer, escribir y dibujar, hablar y escuchar, cantar y rimar, jugar, cocinar y coser, las figuras y los colores, rompecabezas y m\u00e1s.<\/p>\n<p>&nbsp;<\/p>\n<h2>Juego de Roles o Role Play<\/h2>\n<p>El juego de roles se usa durante todo el programa HIPPY por todos los participantes. Los coordinadores y visitadores del hogar realizan el juego de roles en las activades cada semana, tomando turnos en los roles de padre e hijo. De esta manera, los visitadores del hogar realizan el juego de roles de las actividades con los padres en el hogar o en las reuniones grupales. El padre realiza las actividades con su hijo una vez que el visitador del hogar se haya ido.<\/p>\n<p>El juego de roles proporciona oportunidades para conversar sobre el prop\u00f3sito de una actividad especifica, para reflexionar sobre las necesidades espec\u00edficos del aprendiz (tanto adultos como ni\u00f1os) y desarrollar nuevas habilidades de ense\u00f1anza. Este m\u00e9todo de instrucci\u00f3n promueve un ambiente c\u00f3modo, libre de amenazas en el cual siempre hay espacio para cometer errores.<\/p>\n<p>Adicionalmente, el juego de roles promueve la empat\u00eda de los padres por las capacidades de desarrollo de los ni\u00f1os peque\u00f1os. Por \u00faltimo, el m\u00e9todo educativo del juego de roles se maneja f\u00e1cilmente por los visitadores del hogar y les permite a los padres con una habilidad limitada de lecto-escritura, una oportunidad para convertirse en eficaces primeros maestros de sus hijos.<\/p>\n<p>&nbsp;<\/p>\n<h2>Coordinadores y Visitadores del hogar<\/h2>\n<p>El programa HIPPY es impartido por visitadores del hogar que son miembros de la comunidad que sirven y tambi\u00e9n fueron padres en el programa. Ellos visitan a padres en sus hogares cada semana para hacer un juego de roles del plan de estudio. Los visitadores del hogar son esenciales en al modelo HIPPY. Su conocimiento del idioma, la cultura y la singularidad de la comunidad, les permite desarrollar relaciones de confianza con las familias, mientras promueven la equidad e incrementan la confianza de los padres.<\/p>\n<p>Cada programa HIPPY es supervisado por un coordinador profesional con la responsabilidad de reclutar padres, solicitar y entrenar visitadores del hogar organizar reuniones grupales de padres y desarrollar actividades de enriquecimiento. El coordinador y los visitadores del hogar tienen una reuni\u00f3n semanal para hacer Juego de roles de los materiales, comentar las actividades de la semana previa y compartir sus experiencias.<\/p>\n<p>&nbsp;<\/p>\n<h2>Visita en el Hogar y Reuniones Grupales<\/h2>\n<p>El coraz\u00f3n del modelo HIPPY est\u00e1 la visita en el hogar. Este es el tiempo en le que se desarrolla la relaci\u00f3n entre el padre y el visitador del hogar. Cada visita en el hogar es \u00fanica, pero todas comparten m\u00e9todos y metas en com\u00fan. Durante cada visita, el visitador del hogar le provee al padre herramientas y materiales, los cuales permiten que el padre pueda trabajar directamente con su hijo en actividades apropiadas a su desarrollo. Los visitadores del hogar apoyan el entendimiento de los padres en conceptos y terminolog\u00eda del desarrollo de la primera infancia, los cuales incrementan la habilidad del padre para observar y entender el proceso de aprendizaje de su hijo. Este conocimiento tambi\u00e9n permite que los padres aboguen mejor por los intereses de sus hijos.<\/p>\n<p>Las reuniones grupales permiten que los padres se unan para compartir sus experiencias. Se recomienda encarecidamente a los padres que asistan las juntas mensuales, dejando el aislamiento del hogar para aprender y ense\u00f1arnos unos a otros. Las visitas en el hogar son clave en el programa HIPPY, pero las relaciones que se forman durante este tiempo don apoyadas a trav\u00e9s de las reuniones grupales. Las reuniones grupales y las visitas en e l hogar trabajan unidas para equilibrar las experiencias de aprendizaje para el padre e el hijo.<\/p>\n<p>[\/et_pb_text][et_pb_button button_url=\u00bb@ET-DC@eyJkeW5hbWljIjp0cnVlLCJjb250ZW50IjoicG9zdF9saW5rX3VybF9wYWdlIiwic2V0dGluZ3MiOnsicG9zdF9pZCI6IjE0MSJ9fQ==@\u00bb button_text=\u00bbImpacto\u00bb button_alignment=\u00bbright\u00bb disabled_on=\u00bboff|off|off\u00bb _builder_version=\u00bb4.14.2&#8243; _dynamic_attributes=\u00bbbutton_url\u00bb _module_preset=\u00bbcefaa07f-9636-40fe-a939-2a0ccdc332c6&#8243; custom_button=\u00bbon\u00bb button_text_size=\u00bb16px\u00bb button_text_color=\u00bb#FFFFFF\u00bb button_bg_color=\u00bb#000000&#8243; button_border_width=\u00bb0px\u00bb button_border_radius=\u00bb20px\u00bb button_font=\u00bbRoboto|700|||||||\u00bb custom_padding=\u00bb15px|30px|15px|30px|true|true\u00bb global_colors_info=\u00bb{}\u00bb][\/et_pb_button][\/et_pb_column][\/et_pb_row][\/et_pb_section]<\/p>\n","protected":false},"excerpt":{"rendered":"<p>Modelo Todos los programas de HIPPY alrededor del mundo siguen el modelo HIPPY: un curr\u00edculo o plan de estudio apropiado al desarrollo, con el juego de roles o role play como un m\u00e9todo de ense\u00f1anza, trabajado por visitadores del hogar de la comunidad, supervisado por un coordinador profesional con visitas al hogar intercaladas con reuniones [&hellip;]<\/p>\n","protected":false},"author":1,"featured_media":0,"parent":0,"menu_order":0,"comment_status":"closed","ping_status":"closed","template":"","meta":{"_et_pb_use_builder":"on","_et_pb_old_content":"","_et_gb_content_width":"","inline_featured_image":false,"footnotes":""},"class_list":["post-502","page","type-page","status-publish","hentry"],"_links":{"self":[{"href":"https:\/\/www.hippyus.org\/es\/wp-json\/wp\/v2\/pages\/502","targetHints":{"allow":["GET"]}}],"collection":[{"href":"https:\/\/www.hippyus.org\/es\/wp-json\/wp\/v2\/pages"}],"about":[{"href":"https:\/\/www.hippyus.org\/es\/wp-json\/wp\/v2\/types\/page"}],"author":[{"embeddable":true,"href":"https:\/\/www.hippyus.org\/es\/wp-json\/wp\/v2\/users\/1"}],"replies":[{"embeddable":true,"href":"https:\/\/www.hippyus.org\/es\/wp-json\/wp\/v2\/comments?post=502"}],"version-history":[{"count":2,"href":"https:\/\/www.hippyus.org\/es\/wp-json\/wp\/v2\/pages\/502\/revisions"}],"predecessor-version":[{"id":504,"href":"https:\/\/www.hippyus.org\/es\/wp-json\/wp\/v2\/pages\/502\/revisions\/504"}],"wp:attachment":[{"href":"https:\/\/www.hippyus.org\/es\/wp-json\/wp\/v2\/media?parent=502"}],"curies":[{"name":"wp","href":"https:\/\/api.w.org\/{rel}","templated":true}]}}