{"id":514,"date":"2021-12-07T16:51:24","date_gmt":"2021-12-07T16:51:24","guid":{"rendered":"https:\/\/www.hippyus.org\/impacto\/"},"modified":"2022-07-21T17:44:30","modified_gmt":"2022-07-21T17:44:30","slug":"impacto","status":"publish","type":"page","link":"https:\/\/www.hippyus.org\/es\/impacto\/","title":{"rendered":"Impacto"},"content":{"rendered":"<p>[et_pb_section fb_built=\u00bb1&#8243; admin_label=\u00bbFeature\u00bb _builder_version=\u00bb4.16&#8243; _module_preset=\u00bbdefault\u00bb background_color=\u00bbgcid-dcfab7f7-1327-4e35-95c1-a41d3a862142&#8243; background_image=\u00bbhttps:\/\/www.hippyus.org\/wp-content\/uploads\/2021\/11\/high-school_22.png\u00bb background_size=\u00bbinitial\u00bb background_position=\u00bbtop_left\u00bb background_repeat=\u00bbrepeat-x\u00bb custom_padding=\u00bb160px||||false|false\u00bb global_colors_info=\u00bb{%22gcid-dcfab7f7-1327-4e35-95c1-a41d3a862142%22:%91%22background_color%22,%22background_color%22%93}\u00bb][et_pb_row column_structure=\u00bb1_2,1_2&#8243; make_equal=\u00bbon\u00bb _builder_version=\u00bb4.16&#8243; _module_preset=\u00bbdefault\u00bb custom_padding=\u00bb0px||0px||true|false\u00bb custom_css_main_element=\u00bbalign-items: center;\u00bb global_colors_info=\u00bb{}\u00bb][et_pb_column type=\u00bb1_2&#8243; _builder_version=\u00bb4.16&#8243; _module_preset=\u00bbdefault\u00bb custom_padding=\u00bb100px||||false|false\u00bb custom_padding_tablet=\u00bb60px||||false|false\u00bb custom_padding_phone=\u00bb30px||30px||true|false\u00bb custom_padding_last_edited=\u00bbon|phone\u00bb global_colors_info=\u00bb{}\u00bb][et_pb_text _builder_version=\u00bb4.16&#8243; _module_preset=\u00bbdefault\u00bb text_font=\u00bb|600|||||||\u00bb text_text_color=\u00bb#FFFFFF\u00bb ul_font=\u00bb|600|||||||\u00bb ul_line_height=\u00bb1.8em\u00bb ol_font=\u00bb|600|||||||\u00bb header_font=\u00bb|||on|||||\u00bb header_text_color=\u00bb#FFFFFF\u00bb header_font_size=\u00bb36px\u00bb header_2_font=\u00bb|300|||||||\u00bb header_2_text_color=\u00bb#FFFFFF\u00bb global_colors_info=\u00bb{}\u00bb]<\/p>\n<h1>Impacto<\/h1>\n<p>D\u00e9cadas de investigaci\u00f3n han mostrado que el modelo HIPPY es eficaz en mejorar la preparaci\u00f3n escolar, involucramiento de los padres, asistencia escolar, y calificaciones en ex\u00e1menes estandarizados de lectura y matem\u00e1ticas a lo largo de la primaria.<\/p>\n<p>&nbsp;<\/p>\n<p>[\/et_pb_text][\/et_pb_column][et_pb_column type=\u00bb1_2&#8243; _builder_version=\u00bb4.16&#8243; _module_preset=\u00bbdefault\u00bb global_colors_info=\u00bb{}\u00bb][et_pb_image src=\u00bbhttps:\/\/www.hippyus.org\/wp-content\/uploads\/2021\/12\/Impact.jpg\u00bb title_text=\u00bbImpacto\u00bb _builder_version=\u00bb4.16&#8243; _module_preset=\u00bbdefault\u00bb custom_margin=\u00bb|-10vw|||false|false\u00bb custom_margin_tablet=\u00bb|0%|||false|false\u00bb custom_margin_phone=\u00bb\u00bb custom_margin_last_edited=\u00bbon|tablet\u00bb border_width_all=\u00bb8px\u00bb border_color_all=\u00bb#FFFFFF\u00bb locked=\u00bboff\u00bb global_colors_info=\u00bb{}\u00bb][\/et_pb_image][\/et_pb_column][\/et_pb_row][\/et_pb_section][et_pb_section fb_built=\u00bb1&#8243; custom_padding_last_edited=\u00bboff|desktop\u00bb admin_label=\u00bbBlog\u00bb _builder_version=\u00bb4.16&#8243; _module_preset=\u00bbdefault\u00bb background_enable_image=\u00bboff\u00bb background_size=\u00bbinitial\u00bb background_position=\u00bbtop_left\u00bb background_repeat=\u00bbrepeat-x\u00bb custom_padding=\u00bb||120px||false|false\u00bb custom_padding_tablet=\u00bb||100px||false|false\u00bb custom_padding_phone=\u00bb||60px||false|false\u00bb global_colors_info=\u00bb{}\u00bb][et_pb_row _builder_version=\u00bb4.16&#8243; _module_preset=\u00bbdefault\u00bb global_colors_info=\u00bb{}\u00bb][et_pb_column type=\u00bb4_4&#8243; _builder_version=\u00bb4.16&#8243; _module_preset=\u00bbdefault\u00bb global_colors_info=\u00bb{}\u00bb][et_pb_text _builder_version=\u00bb4.16&#8243; _module_preset=\u00bb003e9429-8e11-4d9e-968b-8881092bbf81&#8243; text_font=\u00bb||||||||\u00bb text_text_color=\u00bb#000000&#8243; ul_font=\u00bb|600|||||||\u00bb ul_line_height=\u00bb1.8em\u00bb ol_font=\u00bb|600|||||||\u00bb header_font=\u00bb|||on|||||\u00bb header_text_color=\u00bb#000000&#8243; header_font_size=\u00bb36px\u00bb header_2_font=\u00bb||||||||\u00bb header_2_text_color=\u00bbgcid-10430e02-94e6-4cc6-8715-d05b6140b8fe\u00bb locked=\u00bboff\u00bb global_colors_info=\u00bb{%22gcid-10430e02-94e6-4cc6-8715-d05b6140b8fe%22:%91%22header_2_text_color%22%93}\u00bb]<\/p>\n<h2>LO QUE SABEMOS<\/h2>\n<p><span style=\"font-weight: 400;\">Recientemente, un estudio quasi- experimental de HIPPY en Florida demostr\u00f3 que las probabilidases de aprobar el ex\u00e1menes de preparaci\u00f3n escolar eran casi dos veces mayores para ni\u00f1os que participaron en el programa HIPPY y sus probabilidades de ascender a primero de primaria era cinco veces mayor que la muestra igualada (Payne et al, Early Childhood Research Quarterly, 2020).<\/span><\/p>\n<p><span style=\"font-weight: 400;\">En EEUU, HIPPY fue uno de los primeros siete modelos de visita en casa que fue incluido en una creciente lista de modelos federalmente aprobados y basados en evidencia. Este proceso riguroso e independiente de revisi\u00f3n confirma al creciente cuerpo de evidencia de HIPPY que HIPPY funciona. (Para m\u00e1s informaci\u00f3n sobre la revisi\u00f3n vea <\/span><a href=\"https:\/\/homvee.acf.hhs.gov\" target=\"_blank\" rel=\"noopener\"><span style=\"font-weight: 400;\">https:\/\/homvee.acf.hhs.gov<\/span><\/a><span style=\"font-weight: 400;\">.) Para m\u00e1s informaci\u00f3n sobre la revisi\u00f3n vea <\/span> <a href=\"https:\/\/documentcloud.adobe.com\/link\/review?uri=urn:aaid:scds:US:81eef1dd-42eb-4e0f-9101-b56f5f6ab7fa\" target=\"_blank\" rel=\"noopener\"><span style=\"font-weight: 400;\">enlace<\/span><\/a><span style=\"font-weight: 400;\">.<\/span><\/p>\n<p><span style=\"font-weight: 400;\">Mientras sabemos que HIPPY logra los resultados que promueve, a\u00fan quedan muchas preguntas. La investigaci\u00f3n y evaluaci\u00f3n siguen siendo una parte integra de nuestro trabajo. Le damos la bienvenida a socios de investigaci\u00f3n. Para m\u00e1s informaci\u00f3n contacte a Miriam Westheimer <\/span><a href=\"mailto:miriam@hippy-international.org\"><span style=\"font-weight: 400;\">miriam@hippy-international.org<\/span><\/a><span style=\"font-weight: 400;\">. <\/span><\/p>\n<p>[\/et_pb_text][et_pb_button button_url=\u00bb@ET-DC@eyJkeW5hbWljIjp0cnVlLCJjb250ZW50IjoicG9zdF9saW5rX3VybF9wYWdlIiwic2V0dGluZ3MiOnsicG9zdF9pZCI6IjE0OSJ9fQ==@\u00bb button_text=\u00bbEncuentre un Programa\u00bb button_alignment=\u00bbright\u00bb disabled_on=\u00bboff|off|off\u00bb _builder_version=\u00bb4.16&#8243; _dynamic_attributes=\u00bbbutton_url\u00bb _module_preset=\u00bbcefaa07f-9636-40fe-a939-2a0ccdc332c6&#8243; custom_button=\u00bbon\u00bb button_text_size=\u00bb16px\u00bb button_text_color=\u00bb#FFFFFF\u00bb button_bg_color=\u00bb#000000&#8243; button_border_width=\u00bb0px\u00bb button_border_radius=\u00bb20px\u00bb button_font=\u00bbRoboto|700|||||||\u00bb custom_padding=\u00bb15px|30px|15px|30px|true|true\u00bb global_colors_info=\u00bb{}\u00bb][\/et_pb_button][\/et_pb_column][\/et_pb_row][\/et_pb_section]<\/p>\n","protected":false},"excerpt":{"rendered":"<p>Impacto D\u00e9cadas de investigaci\u00f3n han mostrado que el modelo HIPPY es eficaz en mejorar la preparaci\u00f3n escolar, involucramiento de los padres, asistencia escolar, y calificaciones en ex\u00e1menes estandarizados de lectura y matem\u00e1ticas a lo largo de la primaria. &nbsp;LO QUE SABEMOS Recientemente, un estudio quasi- experimental de HIPPY en Florida demostr\u00f3 que las probabilidases de [&hellip;]<\/p>\n","protected":false},"author":1,"featured_media":0,"parent":0,"menu_order":0,"comment_status":"closed","ping_status":"closed","template":"","meta":{"_et_pb_use_builder":"on","_et_pb_old_content":"","_et_gb_content_width":"","inline_featured_image":false,"footnotes":""},"class_list":["post-514","page","type-page","status-publish","hentry"],"_links":{"self":[{"href":"https:\/\/www.hippyus.org\/es\/wp-json\/wp\/v2\/pages\/514","targetHints":{"allow":["GET"]}}],"collection":[{"href":"https:\/\/www.hippyus.org\/es\/wp-json\/wp\/v2\/pages"}],"about":[{"href":"https:\/\/www.hippyus.org\/es\/wp-json\/wp\/v2\/types\/page"}],"author":[{"embeddable":true,"href":"https:\/\/www.hippyus.org\/es\/wp-json\/wp\/v2\/users\/1"}],"replies":[{"embeddable":true,"href":"https:\/\/www.hippyus.org\/es\/wp-json\/wp\/v2\/comments?post=514"}],"version-history":[{"count":6,"href":"https:\/\/www.hippyus.org\/es\/wp-json\/wp\/v2\/pages\/514\/revisions"}],"predecessor-version":[{"id":523,"href":"https:\/\/www.hippyus.org\/es\/wp-json\/wp\/v2\/pages\/514\/revisions\/523"}],"wp:attachment":[{"href":"https:\/\/www.hippyus.org\/es\/wp-json\/wp\/v2\/media?parent=514"}],"curies":[{"name":"wp","href":"https:\/\/api.w.org\/{rel}","templated":true}]}}